{"id":763,"date":"2018-08-30T16:03:41","date_gmt":"2018-08-30T19:03:41","guid":{"rendered":"https:\/\/ramicone-caba.infd.edu.ar\/sitio\/profesorado-de-danza-con-orientacion-en-tango\/"},"modified":"2021-03-04T09:58:43","modified_gmt":"2021-03-04T12:58:43","slug":"profesorado-de-danza-con-orientacion-en-tango","status":"publish","type":"page","link":"https:\/\/ramicone-caba.infd.edu.ar\/sitio\/profesorado-de-danza-con-orientacion-en-tango\/","title":{"rendered":"Profesorado de Danza con orientaci\u00f3n en Tango"},"content":{"rendered":"<h4 style=\"text-align: center;\">El Profesorado de Danza con orientaci\u00f3n en Danza Tango tiene una duraci\u00f3n de 4 a\u00f1os, y puede ser cursado en paralelo con el Profesorado de Danza con orientaci\u00f3n en Danzas Folkl\u00f3ricas.<\/h4>\n<p>&nbsp;<\/p>\n<p><strong>T\u00edtulo que otorga: Profesor de Danza con orientaci\u00f3n en Danza Tango<\/strong><\/p>\n<p><strong>HORARIO DE CURSADA:<\/strong>\u00a0Lunes a viernes \u2013 Turno Ma\u00f1ana<\/p>\n<p><strong>Alcances o incumbencias del t\u00edtulo:\u00a0<\/strong>La carrera del Profesorado de Danza con Orientaci\u00f3n en Danza Tango es de car\u00e1cter presencial, con alcance en educaci\u00f3n inicial, educaci\u00f3n primaria, educaci\u00f3n secundaria, secundaria art\u00edstica y educaci\u00f3n especial.<\/p>\n<p><strong>\u00a0<\/strong><strong>Caracter\u00edsticas generales<\/strong>: Nivel Superior, Formaci\u00f3n Docente, Carrera Presencial.<\/p>\n<p><strong>Norma aprobatoria del Dise\u00f1o Curricular Jurisdiccional (N\u00ba de resoluci\u00f3n jurisdiccional):\u00a0RESOL-2014-4224-MEGC<\/strong><\/p>\n<blockquote><p><strong>PERFIL DEL EGRESADO<\/strong><\/p>\n<p>Con el convencimiento de que un docente bien capacitado garantiza una escuela de calidad, se aspira a una formaci\u00f3n docente profesional sustentada en la adquisici\u00f3n de valores y de un conocimiento reflexivo y cr\u00edtico de s\u00ed mismo y de la realidad que lo circunda.<\/p><\/blockquote>\n<p>El Profesor de Danza con Orientaci\u00f3n en Tango, al finalizar su carrera, ser\u00e1 capaz de:<\/p>\n<ul>\n<li>Dominar el lenguaje espec\u00edfico del tango como danza, y transmitirlo en su tarea profesional.<\/li>\n<li>Reconocer el sentido formativo de la Danza y transmitir la especialidad en distintos \u00e1mbitos y niveles de la educaci\u00f3n (educaci\u00f3n formal y no formal, niveles inicial, primario y secundario), demostrando dominio de los aspectos te\u00f3ricos, t\u00e9cnicos y metodol\u00f3gicos fundamentales de acuerdo con los requerimientos para cada \u00e1mbito particular.<\/li>\n<li>Interpretar la realidad socio-hist\u00f3rica y las producciones culturales en diversos contextos.<\/li>\n<li>Vincular e integrar su disciplina con otras del campo de las artes y de diferentes \u00e1reas.<\/li>\n<li>Planificar, desarrollar y evaluar su tarea como docente de danza, en diferentes niveles y contextos.<\/li>\n<li>Plantear en forma flexible su desempe\u00f1o, teniendo en cuenta situaciones y\/o elementos imprevistos y emergentes.<\/li>\n<li>Seleccionar y adecuar herramientas y estrategias diversas contemplando aprendizajes y dificultades.<\/li>\n<li>Participar en procesos de producci\u00f3n de conocimiento did\u00e1ctico espec\u00edfico de la danza;<\/li>\n<li>Conducir procesos grupales diversos, atendiendo simult\u00e1neamente el desarrollo individual de los alumnos.<\/li>\n<li>Colaborar con los alumnos en la resoluci\u00f3n de conflictos interpersonales, facilitando el intercambio de roles y funciones y contribuyendo en la construcci\u00f3n de una comunidad de aprendizaje abierta y no discriminatoria.<\/li>\n<li>Generar y participar en proyectos que posibiliten su integraci\u00f3n e implicaci\u00f3n con la instituci\u00f3n y con la comunidad.<\/li>\n<li>Comprender y asumir con compromiso la necesidad de capacitarse en forma continua mediante el acceso a dispositivos de capacitaci\u00f3n y literatura actualizada propia de la danza y de su did\u00e1ctica.<\/li>\n<li>Analizar y reflexionar sistem\u00e1ticamente sobre sus propias pr\u00e1cticas, y asumir una actitud cr\u00edtica en relaci\u00f3n con su tarea considerando la dimensi\u00f3n \u00e9tica de la ense\u00f1anza.<\/li>\n<\/ul>\n<ul>\n<li>Desempe\u00f1ar su rol docente profesional con responsabilidad, respetando las diferencias y defendiendo los valores democr\u00e1ticos.<\/li>\n<li>Comprender y relacionar los lenguajes tradicionales y de vanguardia dando lugar a un espacio de innovaci\u00f3n y creatividad en la ense\u00f1anza de la danza<\/li>\n<li>Seleccionar y utilizar nuevas tecnolog\u00edas de manera contextualizada para la ense\u00f1anza de la danza.<\/li>\n<\/ul>\n<h4 style=\"text-align: center;\">En el link que sigue encontrar\u00e1n el plan de estudio de la carrera, detallando los Espacios curriculares, y el car\u00e1cter y r\u00e9gimen de los mismos.<\/h4>\n<p>&nbsp;<\/p>\n<h4 style=\"text-align: center;\"><a href=\"https:\/\/ramicone-caba.infd.edu.ar\/sitio\/wp-content\/uploads\/2021\/03\/PLAN-DE-ESTUDIO-PROF.-DANZA-TANGO.pdf\">PLAN DE ESTUDIO PROF. DANZA TANGO<\/a><\/h4>\n<h3><\/h3>\n","protected":false},"excerpt":{"rendered":"<p>El Profesorado de Danza con orientaci\u00f3n en Danza Tango tiene una duraci\u00f3n de 4 a\u00f1os, y puede ser cursado en paralelo con el Profesorado de Danza con orientaci\u00f3n en Danzas Folkl\u00f3ricas. &nbsp; T\u00edtulo que otorga: Profesor de Danza con orientaci\u00f3n en Danza Tango HORARIO DE CURSADA:\u00a0Lunes a viernes \u2013 Turno Ma\u00f1ana Alcances o incumbencias del &#8230; <a title=\"Profesorado de Danza con orientaci\u00f3n en Tango\" class=\"read-more\" href=\"https:\/\/ramicone-caba.infd.edu.ar\/sitio\/profesorado-de-danza-con-orientacion-en-tango\/\" aria-label=\"More on Profesorado de Danza con orientaci\u00f3n en Tango\">[+]<\/a><\/p>\n","protected":false},"author":37,"featured_media":0,"parent":0,"menu_order":0,"comment_status":"closed","ping_status":"closed","template":"","meta":[],"acf":[],"_links":{"self":[{"href":"https:\/\/ramicone-caba.infd.edu.ar\/sitio\/wp-json\/wp\/v2\/pages\/763"}],"collection":[{"href":"https:\/\/ramicone-caba.infd.edu.ar\/sitio\/wp-json\/wp\/v2\/pages"}],"about":[{"href":"https:\/\/ramicone-caba.infd.edu.ar\/sitio\/wp-json\/wp\/v2\/types\/page"}],"author":[{"embeddable":true,"href":"https:\/\/ramicone-caba.infd.edu.ar\/sitio\/wp-json\/wp\/v2\/users\/37"}],"replies":[{"embeddable":true,"href":"https:\/\/ramicone-caba.infd.edu.ar\/sitio\/wp-json\/wp\/v2\/comments?post=763"}],"version-history":[{"count":5,"href":"https:\/\/ramicone-caba.infd.edu.ar\/sitio\/wp-json\/wp\/v2\/pages\/763\/revisions"}],"predecessor-version":[{"id":923,"href":"https:\/\/ramicone-caba.infd.edu.ar\/sitio\/wp-json\/wp\/v2\/pages\/763\/revisions\/923"}],"wp:attachment":[{"href":"https:\/\/ramicone-caba.infd.edu.ar\/sitio\/wp-json\/wp\/v2\/media?parent=763"}],"curies":[{"name":"wp","href":"https:\/\/api.w.org\/{rel}","templated":true}]}}