{"id":767,"date":"2018-08-30T16:03:42","date_gmt":"2018-08-30T19:03:42","guid":{"rendered":"https:\/\/ramicone-caba.infd.edu.ar\/sitio\/ingreso-2014\/"},"modified":"2025-12-11T12:07:01","modified_gmt":"2025-12-11T15:07:01","slug":"ingreso-2014","status":"publish","type":"page","link":"https:\/\/ramicone-caba.infd.edu.ar\/sitio\/ingreso-2014\/","title":{"rendered":"INGRESO 2026"},"content":{"rendered":"\n<h4 class=\"wp-block-heading\"><img decoding=\"async\" loading=\"lazy\" class=\"wp-image-998 alignleft\" src=\"https:\/\/ramicone-caba.infd.edu.ar\/sitio\/wp-content\/uploads\/2021\/10\/IMG-20211001-WA0050-1000x666.jpg\" alt=\"\" width=\"508\" height=\"338\" srcset=\"https:\/\/ramicone-caba.infd.edu.ar\/sitio\/wp-content\/uploads\/2021\/10\/IMG-20211001-WA0050-1000x666.jpg 1000w, https:\/\/ramicone-caba.infd.edu.ar\/sitio\/wp-content\/uploads\/2021\/10\/IMG-20211001-WA0050-768x512.jpg 768w, https:\/\/ramicone-caba.infd.edu.ar\/sitio\/wp-content\/uploads\/2021\/10\/IMG-20211001-WA0050.jpg 1280w\" sizes=\"(max-width: 508px) 100vw, 508px\" \/><img decoding=\"async\" loading=\"lazy\" class=\"wp-image-999 alignright\" src=\"https:\/\/ramicone-caba.infd.edu.ar\/sitio\/wp-content\/uploads\/2021\/10\/IMG-20210916-WA0085-1000x1000.jpg\" alt=\"\" width=\"340\" height=\"340\" srcset=\"https:\/\/ramicone-caba.infd.edu.ar\/sitio\/wp-content\/uploads\/2021\/10\/IMG-20210916-WA0085-1000x1000.jpg 1000w, https:\/\/ramicone-caba.infd.edu.ar\/sitio\/wp-content\/uploads\/2021\/10\/IMG-20210916-WA0085-500x500.jpg 500w, https:\/\/ramicone-caba.infd.edu.ar\/sitio\/wp-content\/uploads\/2021\/10\/IMG-20210916-WA0085-768x768.jpg 768w, https:\/\/ramicone-caba.infd.edu.ar\/sitio\/wp-content\/uploads\/2021\/10\/IMG-20210916-WA0085.jpg 1134w\" sizes=\"(max-width: 340px) 100vw, 340px\" \/><\/h4>\n\n\n\n<h6 class=\"wp-block-heading\">&nbsp;<\/h6>\n\n\n\n<h6 class=\"wp-block-heading\">&nbsp;<\/h6>\n\n\n\n<h6 class=\"wp-block-heading\">&nbsp;<\/h6>\n\n\n\n<h6 class=\"wp-block-heading\">&nbsp;<\/h6>\n\n\n\n<h6 class=\"wp-block-heading\">&nbsp;<\/h6>\n\n\n\n<h6 class=\"wp-block-heading\">&nbsp;<\/h6>\n\n\n\n<h6 class=\"wp-block-heading\">&nbsp;<\/h6>\n\n\n\n<p>                                                                                                   <\/p>\n\n\n\n<p><\/p>\n\n\n\n<hr class=\"wp-block-separator has-alpha-channel-opacity\"\/>\n\n\n\n<p><\/p>\n\n\n\n<h5 class=\"wp-block-heading has-text-align-left\">PH: Paula Abad<\/h5>\n\n\n\n<h4 class=\"wp-block-heading has-text-align-center\"><br><span style=\"color: #800080;\">INSCRIPCIONES<strong><span style=\"color: #800080;\"> ABIERTAS &#8211;<\/span> CICLO LECTIVO 2026<\/strong><\/span><br>Febrero 2026<\/h4>\n\n\n\n<h4 class=\"wp-block-heading has-text-align-center\"><span style=\"color: #800080;\"><strong>ESEA EN DANZA N\u00b01 \u201cPROF. NELLY RAMICONE\u201d &#8211; NIVEL TERCIARIO<\/strong><\/span><\/h4>\n\n\n\n<p class=\"has-text-align-left\">PROFESORADOS DE DANZA CON ORIENTACI\u00d3N EN DANZA:<br>\u25cf Cl\u00e1sica<br>\u25cf Contempor\u00e1nea<br>\u25cf Folkl\u00f3ricas<br>\u25cf Tango<\/p>\n\n\n\n<p>Nuestros profesorados se cursan en el turno ma\u00f1ana y al finalizar los 4 a\u00f1os de estudio, obtendr\u00e1s t\u00edtulos oficiales del Gobierno de la Ciudad de Buenos Aires, con validez nacional.<\/p>\n\n\n\n<p class=\"has-text-align-left\"><strong>\u00bfC\u00d3MO REALIZAR LA INSCRIPCI\u00d3N?<\/strong><br>La inscripci\u00f3n consta de dos instancias: ONLINE y PRESENCIAL.<\/p>\n\n\n\n<p><strong>Pasos a seguir:<\/strong><\/p>\n\n\n\n<p>1. Pre-inscripci\u00f3n en el sistema SIU GUARAN\u00cd.<br>2. Completar el formulario de Google.<br>3. Acercarse a la instituci\u00f3n para validar la inscripci\u00f3n y presentar la documentaci\u00f3n solicitada en formato papel.<\/p>\n\n\n\n<hr class=\"wp-block-separator has-alpha-channel-opacity\"\/>\n\n\n\n<p><strong>INSCRIPCI\u00d3N ONLINE<\/strong><br><strong><span style=\"color: #800080;\">Paso 1: Preinscripci\u00f3n en SIU GUARAN\u00cd<\/span><\/strong><br>\u25cf Crea tu usuario y contrase\u00f1a.<br>\u25cf Recibir\u00e1s un email para activar tu cuenta.<br>\u25cf Completa la informaci\u00f3n requerida, elige tu carrera y guarda los datos. Aseg\u00farate de imprimir el formulario de preinscripci\u00f3n.<br>\u25cf Para comenzar ingresa <a href=\"https:\/\/guarani-autogestionfdocente.bue.edu.ar\/preinscripcion\/caba\/acceso\" data-type=\"URL\" data-id=\"https:\/\/guarani-autogestionfdocente.bue.edu.ar\/preinscripcion\/caba\/acceso\">AQU\u00cd<\/a><br><\/p>\n\n\n\n<blockquote class=\"wp-block-quote\">\n<p class=\"has-text-align-center\">Si ya sos o fuiste estudiante de otro profesorado del GCBA, preinscr\u00edbete directamente en <a href=\"https:\/\/guarani-autogestionfdocente.bue.edu.ar\/\" data-type=\"URL\" data-id=\"https:\/\/guarani-autogestionfdocente.bue.edu.ar\/\">AUTOGESTI\u00d3N DE ESTUDIANTES<\/a><\/p>\n<\/blockquote>\n\n\n\n<p><strong>Importante:<\/strong> Si deseas inscribirte a dos carreras, realiza la inscripci\u00f3n en SIU GUARAN\u00cd para una. Durante la inscripci\u00f3n presencial, podr\u00e1s gestionar la segunda.<\/p>\n\n\n\n<p><strong><span style=\"color: #993366;\">Paso 2: Completar el formulario de Google. <\/span><\/strong> (ENVIAR MAIL A: isfaramicone@gmail.com y acceder al enlace del formulario)<strong><span style=\"color: #993366;\"><br><\/span><\/strong><br><strong><span style=\"color: #993366;\">Paso 3: Validar tu Inscripci\u00f3n de forma PRESENCIAL.<\/span><\/strong><br>Presenta toda la documentaci\u00f3n requerida, dentro de una carpeta de 3 solapas, en nuestra instituci\u00f3n.<\/p>\n\n\n\n<p><strong>DOCUMENTACI\u00d3N REQUERIDA<\/strong><br>\u25cf Carpeta de 3 solapas (en ella coloca toda la documentaci\u00f3n)<br>\u25cf DNI (original y fotocopia)<br>\u25cf Constancia de inscripci\u00f3n SIU-GUARAN\u00cd.<br>\u25cf T\u00edtulo secundario (fotocopia y original) \/ constancia de t\u00edtulo en tr\u00e1mite o de alumno<br>regular (seg\u00fan corresponda)<br>\u25cf Si cursaste en alguna ESEA: T\u00edtulo art\u00edstico \/ o constancia de alumno regular\/ o<br>t\u00edtulo en tr\u00e1mite (seg\u00fan corresponda)<br>\u25cf 1 foto 4&#215;4<br>\u25cf Apto m\u00e9dico actualizado emitido por un profesional m\u00e9dico (original)<br>\u25cf Partida de Nacimiento (original y fotocopia)<\/p>\n\n\n\n<p>Ac\u00e9rcate con toda tu documentaci\u00f3n de lunes a viernes de 09:30 a 12:00 hs.<br>Direcci\u00f3n: Fonrouge 711, Mataderos, CABA &#8211; 2do piso &#8211; Bedel\u00eda.<\/p>\n\n\n\n<hr class=\"wp-block-separator has-alpha-channel-opacity\"\/>\n\n\n\n<p><strong>EX\u00c1MENES DE INGRESO<\/strong><\/p>\n\n\n\n<p>Los\/as egresados\/as de las ESEAs de danza del GCBA o sus equivalentes en otras jurisdicciones ingresan directamente.<br>Otros aspirantes deber\u00e1n rendir un examen de ingreso, que ser\u00e1 de car\u00e1cter eliminatorio.<\/p>\n\n\n\n<p>Ex\u00e1menes seg\u00fan la carrera elegida:<\/p>\n\n\n\n<p>\u25cf <strong>Danza Cl\u00e1sica y\/o Contempor\u00e1nea:<\/strong> Danza Cl\u00e1sica, Danza Contempor\u00e1nea, M\u00fasica e Historia de la Danza.<br>\u25cf <strong>Danzas Folkl\u00f3ricas:<\/strong> Danzas Folkl\u00f3ricas, Zapateo, M\u00fasica, Instrumentos Aut\u00f3ctonos y Folklore Ciencia.<br>\u25cf <strong>Tango:<\/strong> Tango, Danzas Folkl\u00f3ricas y M\u00fasica.<\/p>\n\n\n\n<p><strong>Vestimenta:<\/strong> Se deber\u00e1 presentar con el vestuario adecuado seg\u00fan la disciplina y cabello recogido.<\/p>\n\n\n\n<ul>\n<li><strong>Danzas Folkloricas:<\/strong> calzado adecuado, falda y pa\u00f1uelo.<\/li>\n\n\n\n<li><strong>Tango:<\/strong> zapatos de tango.<\/li>\n\n\n\n<li><strong>Contempor\u00e1neo:<\/strong> ropa c\u00f3moda.<\/li>\n\n\n\n<li><strong>Cl\u00e1sico:<\/strong> malla, medias, zapatilla de media punta y punta.<\/li>\n<\/ul>\n\n\n\n<hr class=\"wp-block-separator has-alpha-channel-opacity\"\/>\n\n\n\n<p>Podes cursar simult\u00e1neamente:<\/p>\n\n\n\n<p>\u25cf Profesorado de Danza con orientaci\u00f3n en Danza Cl\u00e1sica y Profesorado de Danza con orientaci\u00f3n en Danza Contempor\u00e1nea.<br>\u25cf Profesorado de Danza con orientaci\u00f3n en Danzas Folkl\u00f3ricas y Profesorado de Danza con orientaci\u00f3n en Danza Tango.<\/p>\n\n\n\n<p>Siempre y cuando apruebes los ex\u00e1menes correspondientes a cada profesorado y cumplas con los requisitos.<\/p>\n\n\n\n<p>La inscripci\u00f3n al segundo profesorado se realiza de manera presencial en la instituci\u00f3n. (Ver apartado de \u201cex\u00e1menes de ingreso\u201d).<\/p>\n\n\n\n<hr class=\"wp-block-separator has-alpha-channel-opacity\"\/>\n\n\n\n<p class=\"has-text-align-center\">&#x1f4c5; <strong>Horario de Atenci\u00f3n:<\/strong> Lunes a Viernes de 9:00 a 12:00 hs.<br>&#x1f4cd; <strong>Ubicaci\u00f3n:<\/strong> 2\u00b0 PISO, Bedel\u00eda &#8211; Fonrouge 711, CABA.<br>&#x1f4e7; <strong>Contacto:<\/strong> Para cualquier consulta, no dudes en escribirnos a <strong>isfaramicone@gmail.com<\/strong><\/p>\n\n\n\n<p class=\"has-text-align-center\">Te dejamos nuestras redes sociales, para que est\u00e9s al tanto de las novedades!<br>&#x1f4f8; <strong>Instagram:<\/strong>&nbsp;<a href=\"https:\/\/www.instagram.com\/profesorado_ramicone\" target=\"_blank\" rel=\"noopener\">@profesorado_ramicone<\/a><br>&#x1f4d8; <strong>Facebook:<\/strong>&nbsp;<a href=\"https:\/\/www.facebook.com\/isfanelly.ramicone\" target=\"_blank\" rel=\"noopener\">isfanelly.ramicone<\/a><\/p>\n\n\n\n<p>.<\/p>\n\n\n\n<p>&nbsp;<\/p>\n\n\n\n<p>&nbsp;<\/p>\n\n\n\n<p>&nbsp;<\/p>\n\n\n\n<p>&nbsp;<\/p>\n","protected":false},"excerpt":{"rendered":"<p>&nbsp; &nbsp; &nbsp; &nbsp; &nbsp; &nbsp; &nbsp; PH: Paula Abad INSCRIPCIONES ABIERTAS &#8211; CICLO LECTIVO 2026Febrero 2026 ESEA EN DANZA N\u00b01 \u201cPROF. NELLY RAMICONE\u201d &#8211; NIVEL TERCIARIO PROFESORADOS DE DANZA CON ORIENTACI\u00d3N EN DANZA:\u25cf Cl\u00e1sica\u25cf Contempor\u00e1nea\u25cf Folkl\u00f3ricas\u25cf Tango Nuestros profesorados se cursan en el turno ma\u00f1ana y al finalizar los 4 a\u00f1os de estudio, obtendr\u00e1s &#8230; <a title=\"INGRESO 2026\" class=\"read-more\" href=\"https:\/\/ramicone-caba.infd.edu.ar\/sitio\/ingreso-2014\/\" aria-label=\"More on INGRESO 2026\">[+]<\/a><\/p>\n","protected":false},"author":37,"featured_media":0,"parent":0,"menu_order":0,"comment_status":"closed","ping_status":"closed","template":"","meta":[],"acf":[],"_links":{"self":[{"href":"https:\/\/ramicone-caba.infd.edu.ar\/sitio\/wp-json\/wp\/v2\/pages\/767"}],"collection":[{"href":"https:\/\/ramicone-caba.infd.edu.ar\/sitio\/wp-json\/wp\/v2\/pages"}],"about":[{"href":"https:\/\/ramicone-caba.infd.edu.ar\/sitio\/wp-json\/wp\/v2\/types\/page"}],"author":[{"embeddable":true,"href":"https:\/\/ramicone-caba.infd.edu.ar\/sitio\/wp-json\/wp\/v2\/users\/37"}],"replies":[{"embeddable":true,"href":"https:\/\/ramicone-caba.infd.edu.ar\/sitio\/wp-json\/wp\/v2\/comments?post=767"}],"version-history":[{"count":46,"href":"https:\/\/ramicone-caba.infd.edu.ar\/sitio\/wp-json\/wp\/v2\/pages\/767\/revisions"}],"predecessor-version":[{"id":1223,"href":"https:\/\/ramicone-caba.infd.edu.ar\/sitio\/wp-json\/wp\/v2\/pages\/767\/revisions\/1223"}],"wp:attachment":[{"href":"https:\/\/ramicone-caba.infd.edu.ar\/sitio\/wp-json\/wp\/v2\/media?parent=767"}],"curies":[{"name":"wp","href":"https:\/\/api.w.org\/{rel}","templated":true}]}}