{"id":770,"date":"2018-08-30T16:03:43","date_gmt":"2018-08-30T19:03:43","guid":{"rendered":"https:\/\/ramicone-caba.infd.edu.ar\/sitio\/pedido-de-informacion\/"},"modified":"2021-10-05T12:05:30","modified_gmt":"2021-10-05T15:05:30","slug":"pedido-de-informacion","status":"publish","type":"page","link":"https:\/\/ramicone-caba.infd.edu.ar\/sitio\/pedido-de-informacion\/","title":{"rendered":"Formulario de inscripci\u00f3n 2022"},"content":{"rendered":"\n<p><strong>FORMULARIO DE INSCRIPCI\u00d3N<\/strong><\/p>\n\n\n\n<p>Para realizar la pre-inscripci\u00f3n en nuestra instituci\u00f3n, debes completar el siguiente formulario:<\/p>\n\n\n\n<p><a href=\"https:\/\/forms.gle\/ACe8riHPa17rJosp7\"><span class=\"has-inline-color has-vivid-cyan-blue-color\">https:\/\/forms.gle\/ACe8riHPa17rJosp7<\/span><\/a><\/p>\n\n\n\n<p><\/p>\n\n\n\n<p><\/p>\n\n\n\n<p><\/p>\n\n\n\n<p><strong>INSCRIPCI\u00d3N PRESENCIAL<\/strong><\/p>\n\n\n\n<p>Luego de completar el formulario de inscripci\u00f3n, deber\u00e1n acercarse a nuestra instituci\u00f3n con la documentaci\u00f3n requerida, para completar la inscripci\u00f3n presencial en nuestra instituci\u00f3n.<\/p>\n\n\n\n<p>La direcci\u00f3n de nuestra instituci\u00f3n es Fonrouge 711, Mataderos, CABA &#8211; 2do piso &#8211; Bedel\u00eda.<\/p>\n\n\n\n<p>Horario: de 9 a 12hs&nbsp;<\/p>\n\n\n\n<p>MAIL: isfaramicone@gmail.com<\/p>\n\n\n\n<p><strong>DOCUMENTACI\u00d3N REQUERIDA\u00a0<\/strong><\/p>\n\n\n\n<p>&#8211;&nbsp; &nbsp; &nbsp; &nbsp; &nbsp; DNI (fotocopia y original)<\/p>\n\n\n\n<p>&#8211;&nbsp; &nbsp; &nbsp; &nbsp; &nbsp; PARTIDA DE NACIMIENTO (fotocopia y original)<\/p>\n\n\n\n<p>&#8211;&nbsp; &nbsp; &nbsp; &nbsp; &nbsp; T\u00cdTULO SECUNDARIO\/CONSTANCIA DE T\u00cdTULO EN TR\u00c1MITE O DE ALUMNX REGULAR (fotocopia y original)<\/p>\n\n\n\n<p>&#8211;&nbsp; &nbsp; &nbsp; &nbsp; &nbsp; T\u00cdTULO ART\u00cdSTICO\/ CONSTANCIA DE T\u00cdTULO EN TR\u00c1MITE O DE ALUMNX REGULAR (en caso de tenerlo)<\/p>\n\n\n\n<p>&#8211;&nbsp; &nbsp; &nbsp; 2 FOTOS 4X4&nbsp;<\/p>\n\n\n\n<p>&#8211;&nbsp; &nbsp; &nbsp; &nbsp; &nbsp; APTO M\u00c9DICO ACTUALIZADO (original)<\/p>\n\n\n\n<p>&#8211; &nbsp; &nbsp; CARPETA 3 SOLAPAS<\/p>\n","protected":false},"excerpt":{"rendered":"<p>FORMULARIO DE INSCRIPCI\u00d3N Para realizar la pre-inscripci\u00f3n en nuestra instituci\u00f3n, debes completar el siguiente formulario: https:\/\/forms.gle\/ACe8riHPa17rJosp7 INSCRIPCI\u00d3N PRESENCIAL Luego de completar el formulario de inscripci\u00f3n, deber\u00e1n acercarse a nuestra instituci\u00f3n con la documentaci\u00f3n requerida, para completar la inscripci\u00f3n presencial en nuestra instituci\u00f3n. La direcci\u00f3n de nuestra instituci\u00f3n es Fonrouge 711, Mataderos, CABA &#8211; 2do piso &#8230; <a title=\"Formulario de inscripci\u00f3n 2022\" class=\"read-more\" href=\"https:\/\/ramicone-caba.infd.edu.ar\/sitio\/pedido-de-informacion\/\" aria-label=\"More on Formulario de inscripci\u00f3n 2022\">[+]<\/a><\/p>\n","protected":false},"author":37,"featured_media":0,"parent":0,"menu_order":0,"comment_status":"closed","ping_status":"closed","template":"","meta":[],"acf":[],"_links":{"self":[{"href":"https:\/\/ramicone-caba.infd.edu.ar\/sitio\/wp-json\/wp\/v2\/pages\/770"}],"collection":[{"href":"https:\/\/ramicone-caba.infd.edu.ar\/sitio\/wp-json\/wp\/v2\/pages"}],"about":[{"href":"https:\/\/ramicone-caba.infd.edu.ar\/sitio\/wp-json\/wp\/v2\/types\/page"}],"author":[{"embeddable":true,"href":"https:\/\/ramicone-caba.infd.edu.ar\/sitio\/wp-json\/wp\/v2\/users\/37"}],"replies":[{"embeddable":true,"href":"https:\/\/ramicone-caba.infd.edu.ar\/sitio\/wp-json\/wp\/v2\/comments?post=770"}],"version-history":[{"count":2,"href":"https:\/\/ramicone-caba.infd.edu.ar\/sitio\/wp-json\/wp\/v2\/pages\/770\/revisions"}],"predecessor-version":[{"id":1022,"href":"https:\/\/ramicone-caba.infd.edu.ar\/sitio\/wp-json\/wp\/v2\/pages\/770\/revisions\/1022"}],"wp:attachment":[{"href":"https:\/\/ramicone-caba.infd.edu.ar\/sitio\/wp-json\/wp\/v2\/media?parent=770"}],"curies":[{"name":"wp","href":"https:\/\/api.w.org\/{rel}","templated":true}]}}