{"id":786,"date":"2018-08-30T16:03:46","date_gmt":"2018-08-30T19:03:46","guid":{"rendered":"https:\/\/ramicone-caba.infd.edu.ar\/sitio\/plan-de-estudios\/"},"modified":"2021-04-13T13:48:20","modified_gmt":"2021-04-13T16:48:20","slug":"plan-de-estudios","status":"publish","type":"page","link":"https:\/\/ramicone-caba.infd.edu.ar\/sitio\/plan-de-estudios\/","title":{"rendered":"Equivalencias"},"content":{"rendered":"<p style=\"text-align: center;\"><strong><u>REGLAMENTO ACAD\u00c9MICO INSTITUCIONAL<\/u><\/strong><\/p>\n<p style=\"text-align: center;\">\n<p style=\"text-align: center;\"><strong>CAP\u00cdTULO IV- EQUIVALENCIAS<\/strong><\/p>\n<ul>\n<li><strong>Tramitaci\u00f3n<\/strong><\/li>\n<\/ul>\n<p>Las equivalencias podr\u00e1n ser solicitadas hasta el 30 de abril de cada a\u00f1o. A tal fin, el alumno deber\u00e1:<\/p>\n<ul>\n<li>Completar el formulario<\/li>\n<li>Presentar documento anal\u00edtico original y fotocopia expedido por la instituci\u00f3n procedente donde consten las asignaturas aprobadas en la otra instituci\u00f3n<\/li>\n<li>Presentar fotocopias autenticadas por la autoridad de la instituci\u00f3n procedente, del dise\u00f1o curricular, del plan de estudios y de los programas de las asignaturas en las que se pide equivalencia.<\/li>\n<\/ul>\n<p>&nbsp;<\/p>\n<ul>\n<li><strong>Obligaci\u00f3n de cursar:<\/strong><\/li>\n<\/ul>\n<p>Mientras dure el tr\u00e1mite de reconocimiento de equivalencias, el alumno deber\u00e1 cursar normalmente las materias para las que ha solicitado su aprobaci\u00f3n por equivalencia.<\/p>\n<ul>\n<li><strong>Otorgamiento de equivalencias:<\/strong><\/li>\n<\/ul>\n<p>La equivalencia deber\u00e1 ser integral, no pudi\u00e9ndose dar por aprobada una parte de la materia y obligar a cursar y rendir el resto.<\/p>\n<p>La cantidad de asignaturas en las que se solicitar\u00e1n las equivalencias no podr\u00e1n superar en ning\u00fan caso el 50 % de la carrera de nuestra Instituci\u00f3n<\/p>\n<p>Las solicitudes de equivalencia ser\u00e1n resueltas por la Rector\u00eda , previa decisi\u00f3n del Consejo Directivo apoyada en el concepto del profesor de la c\u00e1tedra, \u00a0en las condiciones que estos fijaren . De las equivalencias otorgadas se dejar\u00e1 constancia en un acta general y se agregar\u00e1n los actuados al legajo personal del alumno.<\/p>\n<p style=\"text-align: center;\"><strong>SOLO SE PODR\u00c1N OTORGAR EQUIVALENCIAS DE MATERIAS APROBADAS EN CARRERAS COMPLETAS<\/strong><\/p>\n","protected":false},"excerpt":{"rendered":"<p>REGLAMENTO ACAD\u00c9MICO INSTITUCIONAL CAP\u00cdTULO IV- EQUIVALENCIAS Tramitaci\u00f3n Las equivalencias podr\u00e1n ser solicitadas hasta el 30 de abril de cada a\u00f1o. A tal fin, el alumno deber\u00e1: Completar el formulario Presentar documento anal\u00edtico original y fotocopia expedido por la instituci\u00f3n procedente donde consten las asignaturas aprobadas en la otra instituci\u00f3n Presentar fotocopias autenticadas por la autoridad &#8230; <a title=\"Equivalencias\" class=\"read-more\" href=\"https:\/\/ramicone-caba.infd.edu.ar\/sitio\/plan-de-estudios\/\" aria-label=\"More on Equivalencias\">[+]<\/a><\/p>\n","protected":false},"author":37,"featured_media":0,"parent":0,"menu_order":0,"comment_status":"closed","ping_status":"closed","template":"","meta":[],"acf":[],"_links":{"self":[{"href":"https:\/\/ramicone-caba.infd.edu.ar\/sitio\/wp-json\/wp\/v2\/pages\/786"}],"collection":[{"href":"https:\/\/ramicone-caba.infd.edu.ar\/sitio\/wp-json\/wp\/v2\/pages"}],"about":[{"href":"https:\/\/ramicone-caba.infd.edu.ar\/sitio\/wp-json\/wp\/v2\/types\/page"}],"author":[{"embeddable":true,"href":"https:\/\/ramicone-caba.infd.edu.ar\/sitio\/wp-json\/wp\/v2\/users\/37"}],"replies":[{"embeddable":true,"href":"https:\/\/ramicone-caba.infd.edu.ar\/sitio\/wp-json\/wp\/v2\/comments?post=786"}],"version-history":[{"count":3,"href":"https:\/\/ramicone-caba.infd.edu.ar\/sitio\/wp-json\/wp\/v2\/pages\/786\/revisions"}],"predecessor-version":[{"id":961,"href":"https:\/\/ramicone-caba.infd.edu.ar\/sitio\/wp-json\/wp\/v2\/pages\/786\/revisions\/961"}],"wp:attachment":[{"href":"https:\/\/ramicone-caba.infd.edu.ar\/sitio\/wp-json\/wp\/v2\/media?parent=786"}],"curies":[{"name":"wp","href":"https:\/\/api.w.org\/{rel}","templated":true}]}}