{"id":801,"date":"2018-08-30T16:03:51","date_gmt":"2018-08-30T19:03:51","guid":{"rendered":"https:\/\/ramicone-caba.infd.edu.ar\/sitio\/calendario-academico-3\/"},"modified":"2026-04-20T09:02:27","modified_gmt":"2026-04-20T12:02:27","slug":"calendario-academico-3","status":"publish","type":"page","link":"https:\/\/ramicone-caba.infd.edu.ar\/sitio\/calendario-academico-3\/","title":{"rendered":"COBERTURA SUPLENCIAS RAMICONE"},"content":{"rendered":"\n<figure class=\"wp-block-table\"><table><tbody><tr><td colspan=\"2\"><strong>CONVOCATORIA 2026<\/strong><\/td><\/tr><tr><td>Establecimiento<\/td><td>ESEA en Danza N\u00ba1 \u201cProf. Nelly Ramicone\u201d Nivel Terciario<\/td><\/tr><tr><td>Profesorado<\/td><td>Profesorados de Danza con orientaci\u00f3n en Danza Cl\u00e1sica, Contempor\u00e1nea, D. Folkl\u00f3ricas y Tango<\/td><\/tr><tr><td>Asignatura<\/td><td>Producci\u00f3n art\u00edstica y ejecutiva de espect\u00e1culos<\/td><\/tr><tr><td>A\u00f1o y Divisi\u00f3n<\/td><td>4\u00ba 1\u00ba<\/td><\/tr><tr><td>Cantidad de horas<\/td><td>4 Hs<\/td><\/tr><tr><td>R\u00e9gimen<\/td><td>Anual<\/td><\/tr><tr><td>D\u00edas<\/td><td>Martes de 11:00 a 12:20 y viernes de 8 a 9:20 Hs.<\/td><\/tr><tr><td>Integrantes del comit\u00e9 evaluador<\/td><td>Fernando Mu\u00f1oz- Gabriela Montes- Anal\u00eda Martorello<\/td><\/tr><tr><td>D\u00edas y horarios para recepci\u00f3n de carpetas<\/td><td>Del 20\/4 al 23\/4 inclusive. Se env\u00eda en formato digital a la cuenta oficial: esea.ramiconeterciaria@bue.edu.ar<\/td><\/tr><tr><td>Per\u00edodo de evaluaci\u00f3n de antecedentes<\/td><td>Del 24\/4 al 26\/4 inclusive.<\/td><\/tr><tr><td>Fecha de entrega de resultados<\/td><td>Desde el 27\/4<\/td><\/tr><tr><td>Motivo de la Vacante<\/td><td>Licencia 70 B<\/td><\/tr><\/tbody><\/table><\/figure>\n\n\n\n<figure class=\"wp-block-table\"><table><tbody><tr><td colspan=\"2\"><strong>CONVOCATORIA 2026<\/strong><\/td><\/tr><tr><td>Establecimiento<\/td><td>ESEA en Danza N\u00ba1 \u201cProf. Nelly Ramicone\u201d Nivel Terciario<\/td><\/tr><tr><td>Profesorado<\/td><td>Profesorados de Danza con orientaci\u00f3n en Danza Cl\u00e1sica, Contempor\u00e1nea<\/td><\/tr><tr><td>Asignatura<\/td><td>Proyecto de Pr\u00e1ctica V<\/td><\/tr><tr><td>A\u00f1o y Divisi\u00f3n<\/td><td>3\u00ba 1\u00ba<\/td><\/tr><tr><td>Cantidad de horas<\/td><td>6 Hs<\/td><\/tr><tr><td>R\u00e9gimen<\/td><td>Anual<\/td><\/tr><tr><td>D\u00edas<\/td><td>Mi\u00e9rcoles de 8:00 a 10.10 y 13:00 a 15:00 Hs.<\/td><\/tr><tr><td>Integrantes del comit\u00e9 evaluador<\/td><td>Paola Sammarco &#8211; Anal\u00eda Martorello- Laura P\u00e9rez<\/td><\/tr><tr><td>D\u00edas y horarios para recepci\u00f3n de carpetas<\/td><td>Del 20\/4 al 23\/4 inclusive. Se env\u00eda en formato digital a la cuenta oficial: esea.ramiconeterciaria@bue.edu.ar<\/td><\/tr><tr><td>Per\u00edodo de evaluaci\u00f3n de antecedentes<\/td><td>Del 24\/4 al 26\/4 inclusive.<\/td><\/tr><tr><td>Fecha de entrega de resultados<\/td><td>Desde el 27\/4<\/td><\/tr><tr><td>Motivo de la Vacante<\/td><td>Licencia 70 B<\/td><\/tr><\/tbody><\/table><\/figure>\n\n\n\n<p>REQUISITOS PARA LA INSCRIPCI\u00d3N<\/p>\n\n\n\n<p>Enviar por correo electr\u00f3nico la siguiente documentaci\u00f3n:<\/p>\n\n\n\n<ol type=\"1\">\n<li>Anexo I COMPLETO  https:\/\/docs.google.com\/document\/d\/1k1kGV-W3Ja1f2Zb6CZIUKcsts7GX1EAX\/edit?usp=sharing&amp;ouid=107498287346068940714&amp;rtpof=true&amp;sd=true<\/li>\n<\/ol>\n\n\n\n<ul>\n<li>Propuesta pedag\u00f3gica para la instancia en la que se inscribe (extensi\u00f3n m\u00e1xima 3 p\u00e1ginas) en PDF, tomando como orientaci\u00f3n el siguiente abstract- <a href=\"https:\/\/docs.google.com\/document\/d\/19UKtOwgfjTxvOXfZZISsb-JkU-gZjK7aUNcUh7Br_NM\/edit?usp=sharing\">https:\/\/docs.google.com\/document\/d\/19UKtOwgfjTxvOXfZZISsb-JkU-gZjK7aUNcUh7Br_NM\/edit?usp=sharing<\/a><\/li>\n\n\n\n<li>Los t\u00edtulos se env\u00edan en formato digital, en PDF, anverso y reverso. Enviar documentaci\u00f3n respaldatoria de antecedentes y certificaciones de experiencia laboral docente\/ situaci\u00f3n de revista.<\/li>\n\n\n\n<li>Enviar toda la documentaci\u00f3n al siguiente correo electr\u00f3nico: esea.ramiconeterciaria@bue.edu.ar, toda la documentaci\u00f3n en formato digital.<\/li>\n\n\n\n<li>Es requisito poseer t\u00edtulo docente oficial.<\/li>\n<\/ul>\n","protected":false},"excerpt":{"rendered":"<p>CONVOCATORIA 2026 Establecimiento ESEA en Danza N\u00ba1 \u201cProf. Nelly Ramicone\u201d Nivel Terciario Profesorado Profesorados de Danza con orientaci\u00f3n en Danza Cl\u00e1sica, Contempor\u00e1nea, D. Folkl\u00f3ricas y Tango Asignatura Producci\u00f3n art\u00edstica y ejecutiva de espect\u00e1culos A\u00f1o y Divisi\u00f3n 4\u00ba 1\u00ba Cantidad de horas 4 Hs R\u00e9gimen Anual D\u00edas Martes de 11:00 a 12:20 y viernes de 8 &#8230; <a title=\"COBERTURA SUPLENCIAS RAMICONE\" class=\"read-more\" href=\"https:\/\/ramicone-caba.infd.edu.ar\/sitio\/calendario-academico-3\/\" aria-label=\"More on COBERTURA SUPLENCIAS RAMICONE\">[+]<\/a><\/p>\n","protected":false},"author":37,"featured_media":0,"parent":0,"menu_order":0,"comment_status":"closed","ping_status":"closed","template":"","meta":[],"acf":[],"_links":{"self":[{"href":"https:\/\/ramicone-caba.infd.edu.ar\/sitio\/wp-json\/wp\/v2\/pages\/801"}],"collection":[{"href":"https:\/\/ramicone-caba.infd.edu.ar\/sitio\/wp-json\/wp\/v2\/pages"}],"about":[{"href":"https:\/\/ramicone-caba.infd.edu.ar\/sitio\/wp-json\/wp\/v2\/types\/page"}],"author":[{"embeddable":true,"href":"https:\/\/ramicone-caba.infd.edu.ar\/sitio\/wp-json\/wp\/v2\/users\/37"}],"replies":[{"embeddable":true,"href":"https:\/\/ramicone-caba.infd.edu.ar\/sitio\/wp-json\/wp\/v2\/comments?post=801"}],"version-history":[{"count":6,"href":"https:\/\/ramicone-caba.infd.edu.ar\/sitio\/wp-json\/wp\/v2\/pages\/801\/revisions"}],"predecessor-version":[{"id":1244,"href":"https:\/\/ramicone-caba.infd.edu.ar\/sitio\/wp-json\/wp\/v2\/pages\/801\/revisions\/1244"}],"wp:attachment":[{"href":"https:\/\/ramicone-caba.infd.edu.ar\/sitio\/wp-json\/wp\/v2\/media?parent=801"}],"curies":[{"name":"wp","href":"https:\/\/api.w.org\/{rel}","templated":true}]}}