{"id":805,"date":"2018-08-30T16:03:52","date_gmt":"2018-08-30T19:03:52","guid":{"rendered":"https:\/\/ramicone-caba.infd.edu.ar\/sitio\/pagina-de-prueba\/"},"modified":"2021-03-03T16:54:01","modified_gmt":"2021-03-03T19:54:01","slug":"pagina-de-prueba","status":"publish","type":"page","link":"https:\/\/ramicone-caba.infd.edu.ar\/sitio\/pagina-de-prueba\/","title":{"rendered":"Equipo Docente de la ESEA en Danzas N\u00b01 \u00abNelly Ramicone\u00bb &#8211; Nivel Terciario"},"content":{"rendered":"<h2 style=\"text-align: center;\"><\/h2>\n<table width=\"0\">\n<tbody>\n<tr>\n<td width=\"223\">\n<h3 style=\"text-align: center;\"><strong>Docente<\/strong><\/h3>\n<\/td>\n<td width=\"382\">\n<h3 style=\"text-align: center;\"><strong>Materias<\/strong><\/h3>\n<\/td>\n<\/tr>\n<tr>\n<td width=\"223\"><strong>ABALOS GORDILLO, NANCY<\/strong><\/td>\n<td width=\"382\">Folklore \u2013 Hist. Del Tango<\/td>\n<\/tr>\n<tr>\n<td width=\"223\"><strong>BACA URQUIZA, PATRICIA<\/strong><\/td>\n<td width=\"382\">Repertorio &#8211; Parteneire<\/td>\n<\/tr>\n<tr>\n<td width=\"223\"><strong>BANINI, LUISA<\/strong><\/td>\n<td width=\"382\">Filosof\u00eda \u2013 Teor\u00edas est\u00e9ticas<\/td>\n<\/tr>\n<tr>\n<td width=\"223\"><strong>BERDICHEVSKY, CARLA<\/strong><\/td>\n<td width=\"382\">Tic, Arte y Educaci\u00f3n<\/td>\n<\/tr>\n<tr>\n<td width=\"223\"><strong>BERICAT, FACUNDO <\/strong><\/td>\n<td width=\"382\">MEM<\/td>\n<\/tr>\n<tr>\n<td width=\"223\"><strong>BLANCO, IVANA<\/strong><\/td>\n<td width=\"382\">Proyecto de Pr\u00e1ctica<\/td>\n<\/tr>\n<tr>\n<td width=\"223\"><strong>BONARD, ELIANA<\/strong><\/td>\n<td width=\"382\">T\u00e9cnica Danza Contempor\u00e1nea<\/td>\n<\/tr>\n<tr>\n<td width=\"223\"><strong>BUFFONE, PAULA<\/strong><\/td>\n<td width=\"382\">Escenograf\u00eda e Iluminaci\u00f3n<\/td>\n<\/tr>\n<tr>\n<td width=\"223\"><strong>CARTE, MARCELO<\/strong><\/td>\n<td width=\"382\">Tango<\/td>\n<\/tr>\n<tr>\n<td width=\"223\"><strong>CHIUMMIENTO, MARCELA<\/strong><\/td>\n<td width=\"382\">T\u00e9cnica Cl\u00e1sica<\/td>\n<\/tr>\n<tr>\n<td width=\"223\"><strong>GARELLA, LAURA<\/strong><\/td>\n<td width=\"382\">Gesti\u00f3n Cultural<\/td>\n<\/tr>\n<tr>\n<td width=\"223\"><strong>GARCIA, JORGE<\/strong><\/td>\n<td width=\"382\">Danzas Folkl\u00f3ricas Argentinas<\/td>\n<\/tr>\n<tr>\n<td width=\"223\"><strong>GAUNA, DIEGO\u00a0 <\/strong><\/td>\n<td width=\"382\">Tango \u2013 Composici\u00f3n \u2013 Parteneire<\/td>\n<\/tr>\n<tr>\n<td width=\"223\"><strong>GRIGGIO, ADRIAN<\/strong><\/td>\n<td width=\"382\">Apreciaci\u00f3n Musical<\/td>\n<\/tr>\n<tr>\n<td width=\"223\"><strong>GRUBER, MONICA <\/strong><\/td>\n<td width=\"382\">Arte y Sociedad<\/td>\n<\/tr>\n<tr>\n<td width=\"223\"><strong>ISLA, CECILIA<\/strong><\/td>\n<td width=\"382\">Educaci\u00f3n en la Diversidad<\/td>\n<\/tr>\n<tr>\n<td width=\"223\"><strong>LETTIERE, MARIA VICTORIA<\/strong><\/td>\n<td width=\"382\">Psicolog\u00eda Educacional<\/td>\n<\/tr>\n<tr>\n<td width=\"223\"><strong>LINNE, GLORIA<\/strong><\/td>\n<td width=\"382\">Hist. De la Danzas Latinoamericana y Argentina<\/td>\n<\/tr>\n<tr>\n<td width=\"223\"><strong>LOZA, MARIELA<\/strong><\/td>\n<td width=\"382\">T\u00e9cnica Cl\u00e1sica<\/td>\n<\/tr>\n<tr>\n<td width=\"223\"><strong>LUBIZ, AURORA <\/strong><\/td>\n<td width=\"382\">Interpretaci\u00f3n Coreogr\u00e1fica del Tango<\/td>\n<\/tr>\n<tr>\n<td width=\"223\"><strong>MARCHEGIANI, MARIANA<\/strong><\/td>\n<td width=\"382\">Did\u00e1ctica General<\/td>\n<\/tr>\n<tr>\n<td width=\"223\"><strong>MARTORELLO, ANALIA<\/strong><\/td>\n<td width=\"382\">T\u00e9cnica Danza Contempor\u00e1nea<\/td>\n<\/tr>\n<tr>\n<td width=\"223\"><strong>MAZZA, LIA<\/strong><\/td>\n<td width=\"382\">T\u00e9cnica Danza Contempor\u00e1nea<\/td>\n<\/tr>\n<tr>\n<td width=\"223\"><strong>MONTES, GABRIELA<\/strong><\/td>\n<td width=\"382\">Composici\u00f3n- Repertorio \u2013 Did\u00e1ctica Especial Contempo<\/td>\n<\/tr>\n<tr>\n<td width=\"223\"><strong>MU\u00d1OZ, FERNANDO<\/strong><\/td>\n<td width=\"382\">Zapateo<\/td>\n<\/tr>\n<tr>\n<td width=\"223\"><strong>NEROME, MARIELA<\/strong><\/td>\n<td width=\"382\">Sociolog\u00eda<\/td>\n<\/tr>\n<tr>\n<td width=\"223\"><strong>PALOMBO, MALENA<\/strong><\/td>\n<td width=\"382\">Educaci\u00f3n Sexual Integral<\/td>\n<\/tr>\n<tr>\n<td width=\"223\"><strong>PAOLINO, LAURA<\/strong><\/td>\n<td width=\"382\">T\u00e9cnica Danza Contempor\u00e1nea<\/td>\n<\/tr>\n<tr>\n<td width=\"223\"><strong>PASCUCHELLI, MARIA NATALIA<\/strong><\/td>\n<td width=\"382\">Folklore<\/td>\n<\/tr>\n<tr>\n<td width=\"223\"><strong>PAZZAGLINI, CARINA<\/strong><\/td>\n<td width=\"382\">T\u00e9cnica Cl\u00e1sica<\/td>\n<\/tr>\n<tr>\n<td width=\"223\"><strong>PEREZ, LAURA<\/strong><\/td>\n<td width=\"382\">Proyecto de Pr\u00e1ctica \u2013 Did\u00e1ctica Especial Folk y Tango<\/td>\n<\/tr>\n<tr>\n<td width=\"223\"><strong>PERILLO, LUCIANA<\/strong><\/td>\n<td width=\"382\">Proyecto de Pr\u00e1ctica<\/td>\n<\/tr>\n<tr>\n<td width=\"223\"><strong>PINTADO, CYNTHIA<\/strong><\/td>\n<td width=\"382\">Folklore \u2013 Did\u00e1ctica de la Danza<\/td>\n<\/tr>\n<tr>\n<td width=\"223\"><strong>RODRIGUEZ GRUMBERG, JULIETA<\/strong><\/td>\n<td width=\"382\">T\u00e9cnica Danza Contempor\u00e1nea<\/td>\n<\/tr>\n<tr>\n<td width=\"223\"><strong>ROJAS, CESAR<\/strong><\/td>\n<td width=\"382\">Tango \u2013 Vals y Milonga<\/td>\n<\/tr>\n<tr>\n<td width=\"223\"><strong>ROMERO, GABRIELA<\/strong><\/td>\n<td width=\"382\">T\u00e9cnica Danza Contempor\u00e1nea<\/td>\n<\/tr>\n<tr>\n<td width=\"223\"><strong>SAN JUAN, MALENA<\/strong><\/td>\n<td width=\"382\">Historia del Arte Argentino y Latinoamericano<\/td>\n<\/tr>\n<tr>\n<td width=\"223\"><strong>SICILIANO, FEDERICO<\/strong><\/td>\n<td width=\"382\">Instrumentos Criollos \u2013 MEM<\/td>\n<\/tr>\n<tr>\n<td width=\"223\"><strong>SANTOIANNI, NATALIA<\/strong><\/td>\n<td width=\"382\">Teatro<\/td>\n<\/tr>\n<tr>\n<td width=\"223\"><strong>SIGNORELLI, MARIANA<\/strong><\/td>\n<td width=\"382\">Apreciaci\u00f3n Musical \u2013 Historia de la Danza<\/td>\n<\/tr>\n<tr>\n<td width=\"223\"><strong>TABARES, JORGE<\/strong><\/td>\n<td width=\"382\">Instrumentos Criollos<\/td>\n<\/tr>\n<tr>\n<td width=\"223\"><strong>VARIO, CLAUDIO<\/strong><\/td>\n<td width=\"382\">Composici\u00f3n Coreogr\u00e1fica de las Danzas Folkl\u00f3ricas<\/td>\n<\/tr>\n<tr>\n<td width=\"223\"><strong>VAZQUEZ, SONIA<\/strong><\/td>\n<td width=\"382\">Danzas Latinoamericanas<\/td>\n<\/tr>\n<tr>\n<td width=\"223\"><strong>VIGNOLO, SUSANA<\/strong><\/td>\n<td width=\"382\">Did\u00e1ctica Especial de la Danza Cl\u00e1sica<\/td>\n<\/tr>\n<tr>\n<td width=\"223\"><strong>VIVAS, DELFINA<\/strong><\/td>\n<td width=\"382\">T\u00e9cnica del Movimiento<\/td>\n<\/tr>\n<tr>\n<td width=\"223\"><strong>ZABA, STELLA<\/strong><\/td>\n<td width=\"382\">Historia de la Educaci\u00f3n Argentina \u2013 Pol\u00edticas Educativas<\/td>\n<\/tr>\n<tr>\n<td width=\"223\"><strong>ZAVAGLIA, SILVIA<\/strong><\/td>\n<td width=\"382\">Vestuario \u2013 Dise\u00f1o e Iluminaci\u00f3n<\/td>\n<\/tr>\n<\/tbody>\n<\/table>\n","protected":false},"excerpt":{"rendered":"<p>Docente Materias ABALOS GORDILLO, NANCY Folklore \u2013 Hist. Del Tango BACA URQUIZA, PATRICIA Repertorio &#8211; Parteneire BANINI, LUISA Filosof\u00eda \u2013 Teor\u00edas est\u00e9ticas BERDICHEVSKY, CARLA Tic, Arte y Educaci\u00f3n BERICAT, FACUNDO MEM BLANCO, IVANA Proyecto de Pr\u00e1ctica BONARD, ELIANA T\u00e9cnica Danza Contempor\u00e1nea BUFFONE, PAULA Escenograf\u00eda e Iluminaci\u00f3n CARTE, MARCELO Tango CHIUMMIENTO, MARCELA T\u00e9cnica Cl\u00e1sica GARELLA, LAURA &#8230; <a title=\"Equipo Docente de la ESEA en Danzas N\u00b01 \u00abNelly Ramicone\u00bb &#8211; Nivel Terciario\" class=\"read-more\" href=\"https:\/\/ramicone-caba.infd.edu.ar\/sitio\/pagina-de-prueba\/\" aria-label=\"More on Equipo Docente de la ESEA en Danzas N\u00b01 \u00abNelly Ramicone\u00bb &#8211; Nivel Terciario\">[+]<\/a><\/p>\n","protected":false},"author":37,"featured_media":0,"parent":0,"menu_order":0,"comment_status":"closed","ping_status":"closed","template":"","meta":[],"acf":[],"_links":{"self":[{"href":"https:\/\/ramicone-caba.infd.edu.ar\/sitio\/wp-json\/wp\/v2\/pages\/805"}],"collection":[{"href":"https:\/\/ramicone-caba.infd.edu.ar\/sitio\/wp-json\/wp\/v2\/pages"}],"about":[{"href":"https:\/\/ramicone-caba.infd.edu.ar\/sitio\/wp-json\/wp\/v2\/types\/page"}],"author":[{"embeddable":true,"href":"https:\/\/ramicone-caba.infd.edu.ar\/sitio\/wp-json\/wp\/v2\/users\/37"}],"replies":[{"embeddable":true,"href":"https:\/\/ramicone-caba.infd.edu.ar\/sitio\/wp-json\/wp\/v2\/comments?post=805"}],"version-history":[{"count":3,"href":"https:\/\/ramicone-caba.infd.edu.ar\/sitio\/wp-json\/wp\/v2\/pages\/805\/revisions"}],"predecessor-version":[{"id":905,"href":"https:\/\/ramicone-caba.infd.edu.ar\/sitio\/wp-json\/wp\/v2\/pages\/805\/revisions\/905"}],"wp:attachment":[{"href":"https:\/\/ramicone-caba.infd.edu.ar\/sitio\/wp-json\/wp\/v2\/media?parent=805"}],"curies":[{"name":"wp","href":"https:\/\/api.w.org\/{rel}","templated":true}]}}